{"id":14,"date":"2026-04-09T15:01:51","date_gmt":"2026-04-09T18:01:51","guid":{"rendered":"https:\/\/m2j2.com.br\/about\/"},"modified":"2026-04-09T15:02:54","modified_gmt":"2026-04-09T18:02:54","slug":"about","status":"publish","type":"page","link":"https:\/\/m2j2.com.br\/en\/about\/","title":{"rendered":"About"},"content":{"rendered":"\t\t<div data-elementor-type=\"wp-page\" data-elementor-id=\"14\" class=\"elementor elementor-14\">\n\t\t\t\t<div class=\"elementor-element elementor-element-ca11ac8 e-flex e-con-boxed e-con e-parent\" data-id=\"ca11ac8\" data-element_type=\"container\" data-e-type=\"container\">\n\t\t\t\t\t<div class=\"e-con-inner\">\n\t\t\t\t<div class=\"elementor-element elementor-element-9ade6ae elementor-widget elementor-widget-text-editor\" data-id=\"9ade6ae\" data-element_type=\"widget\" data-e-type=\"widget\" data-widget_type=\"text-editor.default\">\n\t\t\t\t\t\t\t\t\t<p>Conectando o Mar\u00edtimo<\/p>\t\t\t\t\t\t\t\t<\/div>\n\t\t\t\t<div class=\"elementor-element elementor-element-5e17dae elementor-widget elementor-widget-heading\" data-id=\"5e17dae\" data-element_type=\"widget\" data-e-type=\"widget\" data-widget_type=\"heading.default\">\n\t\t\t\t\t<h1 class=\"elementor-heading-title elementor-size-default\">Sobre o Hub Mar\u00edtimo M2J2<\/h1>\t\t\t\t<\/div>\n\t\t\t\t\t<\/div>\n\t\t\t\t<\/div>\n\t\t<div class=\"elementor-element elementor-element-8c53c50 e-flex e-con-boxed e-con e-parent\" data-id=\"8c53c50\" data-element_type=\"container\" data-e-type=\"container\">\n\t\t\t\t\t<div class=\"e-con-inner\">\n\t\t<div class=\"elementor-element elementor-element-a991b01 e-con-full e-flex e-con e-child\" data-id=\"a991b01\" data-element_type=\"container\" data-e-type=\"container\">\n\t\t\t\t<div class=\"elementor-element elementor-element-f6a2baa elementor-widget elementor-widget-image\" data-id=\"f6a2baa\" data-element_type=\"widget\" data-e-type=\"widget\" data-widget_type=\"image.default\">\n\t\t\t\t\t\t\t\t\t\t\t\t\t\t\t<img fetchpriority=\"high\" decoding=\"async\" width=\"433\" height=\"650\" src=\"https:\/\/m2j2.com.br\/wp-content\/uploads\/pexels-photo-33856328-1-433x650.jpeg\" class=\"attachment-large size-large wp-image-368\" alt=\"pexels photo 33856328.jpeg\" srcset=\"https:\/\/m2j2.com.br\/wp-content\/uploads\/pexels-photo-33856328-1-433x650.jpeg 433w, https:\/\/m2j2.com.br\/wp-content\/uploads\/pexels-photo-33856328-1-300x450.jpeg 300w, https:\/\/m2j2.com.br\/wp-content\/uploads\/pexels-photo-33856328-1-167x250.jpeg 167w, https:\/\/m2j2.com.br\/wp-content\/uploads\/pexels-photo-33856328-1.jpeg 700w\" sizes=\"(max-width: 433px) 100vw, 433px\" title=\"About\">\t\t\t\t\t\t\t\t\t\t\t\t\t\t\t<\/div>\n\t\t\t\t<div class=\"elementor-element elementor-element-b44c904 elementor-widget elementor-widget-text-editor\" data-id=\"b44c904\" data-element_type=\"widget\" data-e-type=\"widget\" data-widget_type=\"text-editor.default\">\n\t\t\t\t\t\t\t\t\t<p>Nossa miss\u00e3o \u00e9 promover governan\u00e7a, certifica\u00e7\u00e3o e intelig\u00eancia de mercado, garantindo transpar\u00eancia e conformidade t\u00e9cnica para todos os participantes da ind\u00fastria mar\u00edtima sul-atl\u00e2ntica.<\/p>\t\t\t\t\t\t\t\t<\/div>\n\t\t\t\t<\/div>\n\t\t<div class=\"elementor-element elementor-element-0ce2ac5 e-con-full e-flex e-con e-child\" data-id=\"0ce2ac5\" data-element_type=\"container\" data-e-type=\"container\">\n\t\t\t\t<div class=\"elementor-element elementor-element-27f0e1e elementor-widget elementor-widget-text-editor\" data-id=\"27f0e1e\" data-element_type=\"widget\" data-e-type=\"widget\" data-widget_type=\"text-editor.default\">\n\t\t\t\t\t\t\t\t\t<p>A M2J2 nasceu da necessidade de unir capacidade local com padr\u00f5es globais, proporcionando uma plataforma digital eficaz para transforma\u00e7\u00e3o da cadeia de suprimentos naval no Brasil.<\/p>\t\t\t\t\t\t\t\t<\/div>\n\t\t\t\t<div class=\"elementor-element elementor-element-abbe64e elementor-widget elementor-widget-image\" data-id=\"abbe64e\" data-element_type=\"widget\" data-e-type=\"widget\" data-widget_type=\"image.default\">\n\t\t\t\t\t\t\t\t\t\t\t\t\t\t\t<img decoding=\"async\" width=\"433\" height=\"650\" data-src=\"https:\/\/m2j2.com.br\/wp-content\/uploads\/pexels-photo-36511255-1-433x650.jpeg\" class=\"attachment-large size-large wp-image-370 lazyload\" alt=\"pexels photo 36511255.jpeg\" data-srcset=\"https:\/\/m2j2.com.br\/wp-content\/uploads\/pexels-photo-36511255-1-433x650.jpeg 433w, https:\/\/m2j2.com.br\/wp-content\/uploads\/pexels-photo-36511255-1-300x450.jpeg 300w, https:\/\/m2j2.com.br\/wp-content\/uploads\/pexels-photo-36511255-1-167x250.jpeg 167w, https:\/\/m2j2.com.br\/wp-content\/uploads\/pexels-photo-36511255-1.jpeg 700w\" data-sizes=\"(max-width: 433px) 100vw, 433px\" title=\"About\" src=\"data:image\/svg+xml;base64,PHN2ZyB3aWR0aD0iMSIgaGVpZ2h0PSIxIiB4bWxucz0iaHR0cDovL3d3dy53My5vcmcvMjAwMC9zdmciPjwvc3ZnPg==\" style=\"--smush-placeholder-width: 433px; --smush-placeholder-aspect-ratio: 433\/650;\">\t\t\t\t\t\t\t\t\t\t\t\t\t\t\t<\/div>\n\t\t\t\t<div class=\"elementor-element elementor-element-2c0c5a6 elementor-widget elementor-widget-text-editor\" data-id=\"2c0c5a6\" data-element_type=\"widget\" data-e-type=\"widget\" data-widget_type=\"text-editor.default\">\n\t\t\t\t\t\t\t\t\t<p>Visamos nos tornar a infraestrutura de confian\u00e7a da ind\u00fastria mar\u00edtima, padronizando processos e promovendo a excel\u00eancia operacional para nossos parceiros.<\/p>\t\t\t\t\t\t\t\t<\/div>\n\t\t\t\t<div class=\"elementor-element elementor-element-527d89e elementor-widget elementor-widget-text-editor\" data-id=\"527d89e\" data-element_type=\"widget\" data-e-type=\"widget\" data-widget_type=\"text-editor.default\">\n\t\t\t\t\t\t\t\t\t<p>Temos orgulho de receber pr\u00eamios no setor mar\u00edtimo, reconhecendo nosso compromisso com a inova\u00e7\u00e3o e a qualidade na entrega de servi\u00e7os e solu\u00e7\u00f5es.<\/p>\t\t\t\t\t\t\t\t<\/div>\n\t\t\t\t<\/div>\n\t\t\t\t\t<\/div>\n\t\t\t\t<\/div>\n\t\t<div class=\"elementor-element elementor-element-5bdc905 e-flex e-con-boxed e-con e-parent\" data-id=\"5bdc905\" data-element_type=\"container\" data-e-type=\"container\" data-settings=\"{&quot;background_background&quot;:&quot;classic&quot;}\">\n\t\t\t\t\t<div class=\"e-con-inner\">\n\t\t\t\t<div class=\"elementor-element elementor-element-499dca9 elementor-widget elementor-widget-text-editor\" data-id=\"499dca9\" data-element_type=\"widget\" data-e-type=\"widget\" data-widget_type=\"text-editor.default\">\n\t\t\t\t\t\t\t\t\t<p>Entre em Contato<\/p>\t\t\t\t\t\t\t\t<\/div>\n\t\t\t\t<div class=\"elementor-element elementor-element-bb3cad5 elementor-widget elementor-widget-hfe-infocard\" data-id=\"bb3cad5\" data-element_type=\"widget\" data-e-type=\"widget\" data-widget_type=\"hfe-infocard.default\">\n\t\t\t\t<div class=\"elementor-widget-container\">\n\t\t\t\t\t\n\t\t<div class=\"hfe-infocard\">\n\t\t\t\t\t\t\t\t\t<div class=\"hfe-infocard-title-wrap\">\n\t\t\t\t<h2 class=\"hfe-infocard-title elementor-inline-editing\" data-elementor-setting-key=\"infocard_title\" data-elementor-inline-editing-toolbar=\"basic\" >Fale Conosco Hoje Mesmo<\/h2>\t\t\t<\/div>\n\t\t\t\t\t\t<div class=\"hfe-infocard-text-wrap\">\n\t\t\t\t<div class=\"hfe-infocard-text elementor-inline-editing\" data-elementor-setting-key=\"infocard_description\" data-elementor-inline-editing-toolbar=\"advanced\">\n\t\t\t\t\t\t\t\t\t<\/div>\n\t\t\t\t\t\t\t<div class=\"hfe-button-wrapper elementor-widget-button\">\n\t\t\t\t<a href=\"\/contact\/\" class=\"elementor-button-link elementor-button elementor-size-sm\">\n\t\t\t\t\t<span class=\"elementor-button-text elementor-inline-editing\"  data-elementor-setting-key=\"infocard_button_text\" data-elementor-inline-editing-toolbar=\"none\">Explore a Plataforma<\/span>\n\t\t\t\t<\/a>\n\t\t\t<\/div>\n\t\t\t\t\t\t<\/div>\n\t\t<\/div>\n\n\t\t\t\t\t\t<\/div>\n\t\t\t\t<\/div>\n\t\t\t\t\t<\/div>\n\t\t\t\t<\/div>\n\t\t\t\t<\/div>\n\t\t","protected":false},"excerpt":{"rendered":"","protected":false},"author":1,"featured_media":0,"parent":0,"menu_order":0,"comment_status":"closed","ping_status":"closed","template":"","meta":{"inline_featured_image":false,"site-sidebar-layout":"no-sidebar","site-content-layout":"","ast-site-content-layout":"full-width-container","site-content-style":"default","site-sidebar-style":"default","ast-global-header-display":"","ast-banner-title-visibility":"","ast-main-header-display":"","ast-hfb-above-header-display":"","ast-hfb-below-header-display":"","ast-hfb-mobile-header-display":"","site-post-title":"disabled","ast-breadcrumbs-content":"","ast-featured-img":"disabled","footer-sml-layout":"","ast-disable-related-posts":"","theme-transparent-header-meta":"enabled","adv-header-id-meta":"","stick-header-meta":"","header-above-stick-meta":"","header-main-stick-meta":"","header-below-stick-meta":"","astra-migrate-meta-layouts":"default","ast-page-background-enabled":"default","ast-page-background-meta":{"desktop":{"background-color":"var(--ast-global-color-5)","background-image":"","background-repeat":"repeat","background-position":"center center","background-size":"auto","background-attachment":"scroll","background-type":"","background-media":"","overlay-type":"","overlay-color":"","overlay-opacity":"","overlay-gradient":""},"tablet":{"background-color":"","background-image":"","background-repeat":"repeat","background-position":"center center","background-size":"auto","background-attachment":"scroll","background-type":"","background-media":"","overlay-type":"","overlay-color":"","overlay-opacity":"","overlay-gradient":""},"mobile":{"background-color":"","background-image":"","background-repeat":"repeat","background-position":"center center","background-size":"auto","background-attachment":"scroll","background-type":"","background-media":"","overlay-type":"","overlay-color":"","overlay-opacity":"","overlay-gradient":""}},"ast-content-background-meta":{"desktop":{"background-color":"var(--ast-global-color-4)","background-image":"","background-repeat":"repeat","background-position":"center center","background-size":"auto","background-attachment":"scroll","background-type":"","background-media":"","overlay-type":"","overlay-color":"","overlay-opacity":"","overlay-gradient":""},"tablet":{"background-color":"var(--ast-global-color-4)","background-image":"","background-repeat":"repeat","background-position":"center center","background-size":"auto","background-attachment":"scroll","background-type":"","background-media":"","overlay-type":"","overlay-color":"","overlay-opacity":"","overlay-gradient":""},"mobile":{"background-color":"var(--ast-global-color-4)","background-image":"","background-repeat":"repeat","background-position":"center center","background-size":"auto","background-attachment":"scroll","background-type":"","background-media":"","overlay-type":"","overlay-color":"","overlay-opacity":"","overlay-gradient":""}},"footnotes":""},"class_list":["post-14","page","type-page","status-publish","hentry"],"yoast_head":"<!-- This site is optimized with the Yoast SEO plugin v26.7 - https:\/\/yoast.com\/wordpress\/plugins\/seo\/ -->\n<title>About | M2J2<\/title>\n<meta name=\"robots\" content=\"index, follow, max-snippet:-1, max-image-preview:large, max-video-preview:-1\" \/>\n<link rel=\"canonical\" href=\"https:\/\/m2j2.com.br\/en\/about\/\" \/>\n<meta property=\"og:locale\" content=\"en_US\" \/>\n<meta property=\"og:type\" content=\"article\" \/>\n<meta property=\"og:title\" content=\"About | M2J2\" \/>\n<meta property=\"og:url\" content=\"https:\/\/m2j2.com.br\/en\/about\/\" \/>\n<meta property=\"og:site_name\" content=\"M2J2\" \/>\n<meta property=\"article:modified_time\" content=\"2026-04-09T18:02:54+00:00\" \/>\n<meta property=\"og:image\" content=\"https:\/\/m2j2.com.br\/wp-content\/uploads\/print-home2.jpg\" \/>\n\t<meta property=\"og:image:width\" content=\"1197\" \/>\n\t<meta property=\"og:image:height\" content=\"641\" \/>\n\t<meta property=\"og:image:type\" content=\"image\/jpeg\" \/>\n<meta name=\"twitter:card\" content=\"summary_large_image\" \/>\n<script type=\"application\/ld+json\" class=\"yoast-schema-graph\">{\"@context\":\"https:\/\/schema.org\",\"@graph\":[{\"@type\":\"WebPage\",\"@id\":\"https:\/\/m2j2.com.br\/en\/about\/\",\"url\":\"https:\/\/m2j2.com.br\/en\/about\/\",\"name\":\"About | M2J2\",\"isPartOf\":{\"@id\":\"https:\/\/m2j2.com.br\/#website\"},\"datePublished\":\"2026-04-09T18:01:51+00:00\",\"dateModified\":\"2026-04-09T18:02:54+00:00\",\"breadcrumb\":{\"@id\":\"https:\/\/m2j2.com.br\/en\/about\/#breadcrumb\"},\"inLanguage\":\"en-US\",\"potentialAction\":[{\"@type\":\"ReadAction\",\"target\":[\"https:\/\/m2j2.com.br\/en\/about\/\"]}]},{\"@type\":\"BreadcrumbList\",\"@id\":\"https:\/\/m2j2.com.br\/en\/about\/#breadcrumb\",\"itemListElement\":[{\"@type\":\"ListItem\",\"position\":1,\"name\":\"In\u00edcio\",\"item\":\"https:\/\/m2j2.com.br\/en\/\"},{\"@type\":\"ListItem\",\"position\":2,\"name\":\"About\"}]},{\"@type\":\"WebSite\",\"@id\":\"https:\/\/m2j2.com.br\/#website\",\"url\":\"https:\/\/m2j2.com.br\/\",\"name\":\"M2J2 Consulting | Consultoria Empresarial\",\"description\":\"Consultoria Empresarial\",\"publisher\":{\"@id\":\"https:\/\/m2j2.com.br\/#organization\"},\"alternateName\":\"M2J2 Consulting\",\"potentialAction\":[{\"@type\":\"SearchAction\",\"target\":{\"@type\":\"EntryPoint\",\"urlTemplate\":\"https:\/\/m2j2.com.br\/?s={search_term_string}\"},\"query-input\":{\"@type\":\"PropertyValueSpecification\",\"valueRequired\":true,\"valueName\":\"search_term_string\"}}],\"inLanguage\":\"en-US\"},{\"@type\":\"Organization\",\"@id\":\"https:\/\/m2j2.com.br\/#organization\",\"name\":\"M2J2 Consulting | Consultoria Empresarial\",\"alternateName\":\"M2J2 Consulting | Consultoria Empresarial\",\"url\":\"https:\/\/m2j2.com.br\/\",\"logo\":{\"@type\":\"ImageObject\",\"inLanguage\":\"en-US\",\"@id\":\"https:\/\/m2j2.com.br\/#\/schema\/logo\/image\/\",\"url\":\"https:\/\/m2j2.com.br\/wp-content\/uploads\/logo-consulting-2.svg\",\"contentUrl\":\"https:\/\/m2j2.com.br\/wp-content\/uploads\/logo-consulting-2.svg\",\"width\":195,\"height\":90,\"caption\":\"M2J2 Consulting | Consultoria Empresarial\"},\"image\":{\"@id\":\"https:\/\/m2j2.com.br\/#\/schema\/logo\/image\/\"},\"sameAs\":[\"https:\/\/www.linkedin.com\/company\/m2j2consultoria\"]}]}<\/script>\n<!-- \/ Yoast SEO plugin. -->","yoast_head_json":{"title":"About | M2J2","robots":{"index":"index","follow":"follow","max-snippet":"max-snippet:-1","max-image-preview":"max-image-preview:large","max-video-preview":"max-video-preview:-1"},"canonical":"https:\/\/m2j2.com.br\/en\/about\/","og_locale":"en_US","og_type":"article","og_title":"About | M2J2","og_url":"https:\/\/m2j2.com.br\/en\/about\/","og_site_name":"M2J2","article_modified_time":"2026-04-09T18:02:54+00:00","og_image":[{"width":1197,"height":641,"url":"https:\/\/m2j2.com.br\/wp-content\/uploads\/print-home2.jpg","type":"image\/jpeg"}],"twitter_card":"summary_large_image","schema":{"@context":"https:\/\/schema.org","@graph":[{"@type":"WebPage","@id":"https:\/\/m2j2.com.br\/en\/about\/","url":"https:\/\/m2j2.com.br\/en\/about\/","name":"About | M2J2","isPartOf":{"@id":"https:\/\/m2j2.com.br\/#website"},"datePublished":"2026-04-09T18:01:51+00:00","dateModified":"2026-04-09T18:02:54+00:00","breadcrumb":{"@id":"https:\/\/m2j2.com.br\/en\/about\/#breadcrumb"},"inLanguage":"en-US","potentialAction":[{"@type":"ReadAction","target":["https:\/\/m2j2.com.br\/en\/about\/"]}]},{"@type":"BreadcrumbList","@id":"https:\/\/m2j2.com.br\/en\/about\/#breadcrumb","itemListElement":[{"@type":"ListItem","position":1,"name":"In\u00edcio","item":"https:\/\/m2j2.com.br\/en\/"},{"@type":"ListItem","position":2,"name":"About"}]},{"@type":"WebSite","@id":"https:\/\/m2j2.com.br\/#website","url":"https:\/\/m2j2.com.br\/","name":"M2J2 Consulting | Consultoria Empresarial","description":"Consultoria Empresarial","publisher":{"@id":"https:\/\/m2j2.com.br\/#organization"},"alternateName":"M2J2 Consulting","potentialAction":[{"@type":"SearchAction","target":{"@type":"EntryPoint","urlTemplate":"https:\/\/m2j2.com.br\/?s={search_term_string}"},"query-input":{"@type":"PropertyValueSpecification","valueRequired":true,"valueName":"search_term_string"}}],"inLanguage":"en-US"},{"@type":"Organization","@id":"https:\/\/m2j2.com.br\/#organization","name":"M2J2 Consulting | Consultoria Empresarial","alternateName":"M2J2 Consulting | Consultoria Empresarial","url":"https:\/\/m2j2.com.br\/","logo":{"@type":"ImageObject","inLanguage":"en-US","@id":"https:\/\/m2j2.com.br\/#\/schema\/logo\/image\/","url":"https:\/\/m2j2.com.br\/wp-content\/uploads\/logo-consulting-2.svg","contentUrl":"https:\/\/m2j2.com.br\/wp-content\/uploads\/logo-consulting-2.svg","width":195,"height":90,"caption":"M2J2 Consulting | Consultoria Empresarial"},"image":{"@id":"https:\/\/m2j2.com.br\/#\/schema\/logo\/image\/"},"sameAs":["https:\/\/www.linkedin.com\/company\/m2j2consultoria"]}]}},"_links":{"self":[{"href":"https:\/\/m2j2.com.br\/en\/wp-json\/wp\/v2\/pages\/14","targetHints":{"allow":["GET"]}}],"collection":[{"href":"https:\/\/m2j2.com.br\/en\/wp-json\/wp\/v2\/pages"}],"about":[{"href":"https:\/\/m2j2.com.br\/en\/wp-json\/wp\/v2\/types\/page"}],"author":[{"embeddable":true,"href":"https:\/\/m2j2.com.br\/en\/wp-json\/wp\/v2\/users\/1"}],"replies":[{"embeddable":true,"href":"https:\/\/m2j2.com.br\/en\/wp-json\/wp\/v2\/comments?post=14"}],"version-history":[{"count":1,"href":"https:\/\/m2j2.com.br\/en\/wp-json\/wp\/v2\/pages\/14\/revisions"}],"predecessor-version":[{"id":339,"href":"https:\/\/m2j2.com.br\/en\/wp-json\/wp\/v2\/pages\/14\/revisions\/339"}],"wp:attachment":[{"href":"https:\/\/m2j2.com.br\/en\/wp-json\/wp\/v2\/media?parent=14"}],"curies":[{"name":"wp","href":"https:\/\/api.w.org\/{rel}","templated":true}]}}